{"id":8853,"date":"2023-08-15T11:33:44","date_gmt":"2023-08-15T14:33:44","guid":{"rendered":"https:\/\/www.sphereit.com.br\/codigo-de-etica-conduta-e-anticorrupcao-copy-copy\/"},"modified":"2025-05-28T16:14:54","modified_gmt":"2025-05-28T19:14:54","slug":"politica-gestao-servicos-ti","status":"publish","type":"page","link":"https:\/\/www.sphereit.com.br\/en\/service_management_policy\/","title":{"rendered":"IT Service Management Policy"},"content":{"rendered":"[et_pb_section fb_built=&#8221;1&#8243; custom_padding_last_edited=&#8221;on|phone&#8221; admin_label=&#8221;Header&#8221; _builder_version=&#8221;4.27.4&#8243; use_background_color_gradient=&#8221;on&#8221; background_color_gradient_type=&#8221;circular&#8221; background_color_gradient_stops=&#8221;#004183 0%|#001f4c 100%&#8221; background_color_gradient_start=&#8221;#004183&#8243; background_color_gradient_end=&#8221;#001f4c&#8221; background_image=&#8221;https:\/\/www.sphereit.com.br\/wp-content\/uploads\/2025\/05\/banner-site_2-scaled.jpg&#8221; parallax=&#8221;on&#8221; custom_padding_tablet=&#8221;&#8221; custom_padding_phone=&#8221;88vw||||false|false&#8221; bottom_divider_color=&#8221;#f1fafe&#8221; bottom_divider_height=&#8221;40px&#8221; bottom_divider_flip=&#8221;vertical&#8221; da_disable_devices=&#8221;off|off|off&#8221; locked=&#8221;off&#8221; global_colors_info=&#8221;{}&#8221; da_is_popup=&#8221;off&#8221; da_exit_intent=&#8221;off&#8221; da_has_close=&#8221;on&#8221; da_alt_close=&#8221;off&#8221; da_dark_close=&#8221;off&#8221; da_not_modal=&#8221;on&#8221; da_is_singular=&#8221;off&#8221; da_with_loader=&#8221;off&#8221; da_has_shadow=&#8221;on&#8221;][et_pb_row column_structure=&#8221;1_2,1_2&#8243; _builder_version=&#8221;4.16&#8243; z_index=&#8221;1&#8243; global_colors_info=&#8221;{}&#8221;][et_pb_column type=&#8221;1_2&#8243; _builder_version=&#8221;4.16&#8243; global_colors_info=&#8221;{}&#8221;][et_pb_text _builder_version=&#8221;4.27.4&#8243; text_font=&#8221;eurostile||||||||&#8221; text_font_size=&#8221;10px&#8221; text_letter_spacing=&#8221;4px&#8221; text_line_height=&#8221;1.4em&#8221; header_font=&#8221;eurostile|700|||||||&#8221; header_font_size=&#8221;37px&#8221; header_letter_spacing=&#8221;2px&#8221; header_line_height=&#8221;1.2em&#8221; background_layout=&#8221;dark&#8221; header_font_size_tablet=&#8221;54px&#8221; header_font_size_phone=&#8221;32px&#8221; header_font_size_last_edited=&#8221;on|desktop&#8221; locked=&#8221;off&#8221; global_colors_info=&#8221;{}&#8221;]\n<h1><span style=\"font-size: xx-large;\"><strong>Pol\u00edtica de gest\u00e3o de servi\u00e7os de TI<\/strong><\/span><\/h1>\n[\/et_pb_text][\/et_pb_column][et_pb_column type=&#8221;1_2&#8243; _builder_version=&#8221;4.16&#8243; global_colors_info=&#8221;{}&#8221;][et_pb_image src=&#8221;https:\/\/www.sphereit.com.br\/wp-content\/uploads\/2025\/05\/simbolo.png&#8221; alt=&#8221;s\u00edmbolo&#8221; title_text=&#8221;si\u0301mbolo&#8221; align=&#8221;right&#8221; _builder_version=&#8221;4.27.4&#8243; width=&#8221;65%&#8221; max_width_tablet=&#8221;400px&#8221; max_width_phone=&#8221;&#8221; max_width_last_edited=&#8221;on|desktop&#8221; module_alignment=&#8221;center&#8221; custom_margin_tablet=&#8221;-2vw|0vw||&#8221; custom_margin_phone=&#8221;&#8221; custom_margin_last_edited=&#8221;on|desktop&#8221; animation_style=&#8221;zoom&#8221; animation_intensity_zoom=&#8221;5%&#8221; global_colors_info=&#8221;{}&#8221;][\/et_pb_image][\/et_pb_column][\/et_pb_row][\/et_pb_section][et_pb_section fb_built=&#8221;1&#8243; admin_label=&#8221;Contact Form&#8221; _builder_version=&#8221;4.16&#8243; background_color=&#8221;#f1fafe&#8221; z_index=&#8221;10&#8243; min_height=&#8221;1000px&#8221; custom_margin=&#8221;-1px||-4px||false|false&#8221; custom_padding=&#8221;0px||37px||false|false&#8221; bottom_divider_height=&#8221;26vw&#8221; bottom_divider_flip=&#8221;horizontal&#8221; da_disable_devices=&#8221;off|off|off&#8221; locked=&#8221;off&#8221; global_colors_info=&#8221;{}&#8221; da_is_popup=&#8221;off&#8221; da_exit_intent=&#8221;off&#8221; da_has_close=&#8221;on&#8221; da_alt_close=&#8221;off&#8221; da_dark_close=&#8221;off&#8221; da_not_modal=&#8221;on&#8221; da_is_singular=&#8221;off&#8221; da_with_loader=&#8221;off&#8221; da_has_shadow=&#8221;on&#8221;][et_pb_row _builder_version=&#8221;4.16&#8243; background_enable_color=&#8221;off&#8221; global_colors_info=&#8221;{}&#8221;][et_pb_column type=&#8221;4_4&#8243; _builder_version=&#8221;4.16&#8243; global_colors_info=&#8221;{}&#8221;][et_pb_text _builder_version=&#8221;4.27.4&#8243; text_font_size=&#8221;16px&#8221; header_font=&#8221;eurostile||||||||&#8221; global_colors_info=&#8221;{}&#8221;]\n<h1 style=\"text-align: left;\"><\/h1>\n<hr \/>\n<h1><span style=\"color: #22457c;\">1.\u00a0\u00a0\u00a0 Requisitos de servi\u00e7o<\/span><\/h1>\n<p style=\"text-align: justify;\">Uma defini\u00e7\u00e3o clara dos requisitos do servi\u00e7o \u00e9 acordada e mantida com os clientes dos Servi\u00e7os de TI para que todas as atividades de gerenciamento de servi\u00e7os de TI sejam focadas no cumprimento desses requisitos. Os requisitos estatut\u00e1rios, regulat\u00f3rios e contratuais tamb\u00e9m s\u00e3o documentados e inseridos no processo de planejamento.<\/p>\n<p style=\"text-align: justify;\">\u00c9 um princ\u00edpio fundamental da qualidade do gerenciamento de servi\u00e7os de TI da Sphere IT que o fornecimento de servi\u00e7os de TI seja orientado pelas necessidades de neg\u00f3cios e isso \u00e9 comunicado regularmente a todos os funcion\u00e1rios por meio de reuni\u00f5es de equipe e documentos informativos.<\/p>\n<p>&nbsp;<\/p>\n<h1><span style=\"color: #22457c;\">2.\u00a0\u00a0\u00a0 Lideran\u00e7a e comprometimento<\/span><\/h1>\n<p style=\"text-align: justify;\">O compromisso com a entrega de servi\u00e7os de TI de qualidade se estende aos n\u00edveis superiores da organiza\u00e7\u00e3o e ser\u00e1 demonstrado por meio desta Pol\u00edtica de Gest\u00e3o de Servi\u00e7os e pelo fornecimento de recursos adequados para fornecer e desenvolver servi\u00e7os de TI aplicado \u00e0 Consultoria e Suporte em Tecnologia da Informa\u00e7\u00e3o, de forma alinhada aos requisitos legais e exig\u00eancias dos \u00f3rg\u00e3os regulat\u00f3rios de acordo com o neg\u00f3cio, promovendo a melhoria cont\u00ednua no seu Sistema de Gest\u00e3o de Servi\u00e7os de TI.<\/p>\n<p style=\"text-align: justify;\">A alta administra\u00e7\u00e3o tamb\u00e9m garante que uma revis\u00e3o sistem\u00e1tica do desempenho do programa \u00e9 realizada regularmente para garantir que os objetivos de qualidade sejam atendidos e os problemas de qualidade sejam identificados por meio do programa de auditoria e dos processos de gerenciamento.<\/p>\n<p style=\"text-align: justify;\">Esta pol\u00edtica \u00e9 analisada e revisada regularmente pela alta dire\u00e7\u00e3o para identificar quaisquer defici\u00eancias e assegurar alinhamento cont\u00ednuo com as necessidades de neg\u00f3cio e prioridade de clientes.<\/p>\n<p>&nbsp;<\/p>\n<h1><span style=\"color: #22457c;\">3.\u00a0\u00a0\u00a0 Objetivos de gerenciamento de servi\u00e7os<\/span><\/h1>\n<p style=\"text-align: justify;\">\u00c9 utilizado um ciclo anual para a defini\u00e7\u00e3o dos objetivos de gest\u00e3o dos servi\u00e7os. Esses objetivos s\u00e3o baseados em uma compreens\u00e3o clara dos requisitos de neg\u00f3cios.<\/p>\n<p>&nbsp;<\/p>\n<h1><span style=\"color: #22457c;\">4.\u00a0\u00a0\u00a0 \u00a0Melhoria Cont\u00ednua<\/span><\/h1>\n<p>Os objetivos principais de alto n\u00edvel \u00a0da diretriz de melhoria cont\u00ednua s\u00e3o:<\/p>\n<ul>\n<li>Melhorar continuamente a efic\u00e1cia do sistema de gest\u00e3o da qualidade e de servi\u00e7os<\/li>\n<li>Melhorar continuamente os servi\u00e7os de TI<\/li>\n<li>Aprimorar os processos atuais para alinh\u00e1-los com as boas pr\u00e1ticas definidas na ISO\/IEC 20.000, ITIL e ISO 9.001<\/li>\n<li>Obter a certifica\u00e7\u00e3o ISO\/IEC 20.000 e ISO 9.001 e mant\u00ea-las continuamente<\/li>\n<\/ul>\n<p>&nbsp;<\/p>\n<p>Vers\u00e3o: agosto\/23<\/p>\n<p>&nbsp;<\/p>\n[\/et_pb_text][\/et_pb_column][\/et_pb_row][\/et_pb_section][et_pb_section fb_built=&#8221;1&#8243; disabled_on=&#8221;off|off|off&#8221; admin_label=&#8221;Footer&#8221; _builder_version=&#8221;4.27.4&#8243; background_color=&#8221;RGBA(255,255,255,0)&#8221; background_image=&#8221;https:\/\/www.sphereit.com.br\/wp-content\/uploads\/2020\/06\/cyber-security-17.png&#8221; background_enable_image=&#8221;off&#8221; z_index=&#8221;10&#8243; min_height=&#8221;545px&#8221; height=&#8221;446px&#8221; overflow-x=&#8221;visible&#8221; overflow-y=&#8221;visible&#8221; custom_margin=&#8221;-2px||-2px||true|false&#8221; custom_padding=&#8221;||0vw||false|false&#8221; background_color_gradient_stops_tablet=&#8221;#004183 42%|#001f4c 100%&#8221; background_color_gradient_stops_phone=&#8221;#004183 42%|#001f4c 100%&#8221; da_disable_devices=&#8221;off|off|off&#8221; global_module=&#8221;215&#8243; saved_tabs=&#8221;all&#8221; locked=&#8221;off&#8221; global_colors_info=&#8221;{}&#8221; da_is_popup=&#8221;off&#8221; da_exit_intent=&#8221;off&#8221; da_has_close=&#8221;on&#8221; da_alt_close=&#8221;off&#8221; da_dark_close=&#8221;off&#8221; da_not_modal=&#8221;on&#8221; da_is_singular=&#8221;off&#8221; da_with_loader=&#8221;off&#8221; da_has_shadow=&#8221;on&#8221;][et_pb_row make_equal=&#8221;on&#8221; disabled_on=&#8221;on|on|off&#8221; _builder_version=&#8221;4.27.4&#8243; background_color=&#8221;RGBA(255,255,255,0)&#8221; min_height=&#8221;421px&#8221; custom_margin=&#8221;-50px|auto|-2px|auto|false|false&#8221; custom_padding=&#8221;0px||0px||true&#8221; border_radii=&#8221;on|10px|10px|10px|10px&#8221; border_color_all=&#8221;RGBA(255,255,255,0)&#8221; saved_tabs=&#8221;all&#8221; locked=&#8221;off&#8221; global_colors_info=&#8221;{}&#8221;][et_pb_column type=&#8221;4_4&#8243; _builder_version=&#8221;4.16&#8243; custom_padding=&#8221;60px|40px|60px|40px|true|true&#8221; global_colors_info=&#8221;{}&#8221;][et_pb_text admin_label=&#8221;Texto&#8221; _builder_version=&#8221;4.27.4&#8243; text_font=&#8221;||||||||&#8221; text_text_color=&#8221;#22457c&#8221; header_2_font=&#8221;eurostile|900|||||||&#8221; header_2_font_size=&#8221;56px&#8221; header_2_line_height=&#8221;1.1em&#8221; text_orientation=&#8221;center&#8221; width=&#8221;100%&#8221; custom_margin_tablet=&#8221;&#8221; custom_margin_phone=&#8221;-40px||7px||false|false&#8221; custom_margin_last_edited=&#8221;on|phone&#8221; header_2_font_size_tablet=&#8221;38px&#8221; header_2_font_size_phone=&#8221;26px&#8221; header_2_font_size_last_edited=&#8221;on|desktop&#8221; text_text_align=&#8221;center&#8221; locked=&#8221;off&#8221; inline_fonts=&#8221;eurostile&#8221; global_colors_info=&#8221;{}&#8221;]\n<h1 style=\"text-align: left;\"><span style=\"color: #22457c; font-family: eurostile; font-weight: normal;\">Fale com nossa equipe<\/span><\/h1>\n[\/et_pb_text][et_pb_blurb title=&#8221;sphere@sphereit.com.br&#8221; use_icon=&#8221;on&#8221; font_icon=&#8221;&#xf0e0;||fa||900&#8243; icon_color=&#8221;#22457c&#8221; icon_placement=&#8221;left&#8221; image_icon_width=&#8221;24px&#8221; _builder_version=&#8221;4.27.4&#8243; header_font=&#8221;Overpass|500|||||||&#8221; header_text_align=&#8221;left&#8221; header_text_color=&#8221;#22457c&#8221; header_font_size=&#8221;18px&#8221; header_line_height=&#8221;1.4em&#8221; body_font=&#8221;Overpass|300|||||||&#8221; body_text_align=&#8221;left&#8221; body_text_color=&#8221;#22457c&#8221; body_line_height=&#8221;1.8em&#8221; transform_translate=&#8221;-231px|-10px&#8221; module_alignment=&#8221;left&#8221; custom_margin=&#8221;||0px|0px|false|false&#8221; icon_font_size=&#8221;24px&#8221; locked=&#8221;off&#8221; global_colors_info=&#8221;{}&#8221;][\/et_pb_blurb][et_pb_blurb title=&#8221;Rua Jos\u00e9 Versolato, 111 &#8211; 18\u00ba Andar \u2013 S\u00e3o Bernardo do Campo&#8221; use_icon=&#8221;on&#8221; font_icon=&#8221;&#xe081;||divi||400&#8243; icon_color=&#8221;#22457c&#8221; icon_placement=&#8221;left&#8221; image_icon_width=&#8221;24px&#8221; _builder_version=&#8221;4.27.4&#8243; header_font=&#8221;Overpass|500|||||||&#8221; header_text_align=&#8221;left&#8221; header_text_color=&#8221;#22457c&#8221; header_font_size=&#8221;18px&#8221; header_line_height=&#8221;1.4em&#8221; body_font=&#8221;Overpass|300|||||||&#8221; body_text_align=&#8221;left&#8221; body_line_height=&#8221;1.8em&#8221; transform_translate=&#8221;-231px|-10px&#8221; module_alignment=&#8221;left&#8221; custom_margin=&#8221;||0px|0px|false|false&#8221; icon_font_size=&#8221;24px&#8221; locked=&#8221;off&#8221; global_colors_info=&#8221;{}&#8221;][\/et_pb_blurb][et_pb_social_media_follow icon_color=&#8221;#FFFFFF&#8221; _builder_version=&#8221;4.27.4&#8243; custom_margin=&#8221;100px||||false|false&#8221; global_colors_info=&#8221;{}&#8221;][et_pb_social_media_follow_network social_network=&#8221;linkedin&#8221; url=&#8221;https:\/\/www.linkedin.com\/company\/sphere-it-solutions\/&#8221; icon_color=&#8221;#22457c&#8221; _builder_version=&#8221;4.27.4&#8243; background_color=&#8221;#FFFFFF&#8221; background_enable_color=&#8221;on&#8221; border_radii=&#8221;on|22px|22px|22px|22px&#8221; border_width_all=&#8221;2px&#8221; border_color_all=&#8221;#22457c&#8221; global_colors_info=&#8221;{}&#8221; follow_button=&#8221;off&#8221; url_new_window=&#8221;on&#8221;]linkedin[\/et_pb_social_media_follow_network][et_pb_social_media_follow_network social_network=&#8221;facebook&#8221; url=&#8221;https:\/\/www.facebook.com\/sphereitsolutions&#8221; icon_color=&#8221;#004183&#8243; _builder_version=&#8221;4.27.4&#8243; background_color=&#8221;#FFFFFF&#8221; background_enable_color=&#8221;on&#8221; border_radii=&#8221;on|22px|22px|22px|22px&#8221; border_width_all=&#8221;2px&#8221; border_color_all=&#8221;#22457c&#8221; global_colors_info=&#8221;{}&#8221; follow_button=&#8221;off&#8221; url_new_window=&#8221;on&#8221;]facebook[\/et_pb_social_media_follow_network][\/et_pb_social_media_follow][\/et_pb_column][\/et_pb_row][\/et_pb_section]\n","protected":false},"excerpt":{"rendered":"<p>Pol\u00edtica de gest\u00e3o de servi\u00e7os de TI 1.\u00a0\u00a0\u00a0 Requisitos de servi\u00e7o Uma defini\u00e7\u00e3o clara dos requisitos do servi\u00e7o \u00e9 acordada e mantida com os clientes dos Servi\u00e7os de TI para que todas as atividades de gerenciamento de servi\u00e7os de TI sejam focadas no cumprimento desses requisitos. Os requisitos estatut\u00e1rios, regulat\u00f3rios e contratuais tamb\u00e9m s\u00e3o documentados [&hellip;]<\/p>\n","protected":false},"author":4,"featured_media":0,"parent":0,"menu_order":0,"comment_status":"closed","ping_status":"closed","template":"","meta":{"_et_pb_use_builder":"on","_et_pb_old_content":"","_et_gb_content_width":"","footnotes":""},"class_list":["post-8853","page","type-page","status-publish","hentry"],"yoast_head":"<!-- This site is optimized with the Yoast SEO plugin v27.4 - https:\/\/yoast.com\/product\/yoast-seo-wordpress\/ -->\n<title>Pol\u00edtica de Gest\u00e3o de Servi\u00e7os de TI - Sphere IT<\/title>\n<meta name=\"description\" content=\"A Sphere IT, sempre preocupada em oferecer produtos e servi\u00e7os de acordo com as expectativas, necessidades e requisitos de seus clientes, legais e regulat\u00f3rios, desenvolveu seu Sistema de Gest\u00e3o de Qualidade e de Servi\u00e7os, de acordo com os requisitos das normas ISO 9.0001 e ISO 20.000.\" \/>\n<meta name=\"robots\" content=\"index, follow, max-snippet:-1, max-image-preview:large, max-video-preview:-1\" \/>\n<link rel=\"canonical\" href=\"https:\/\/www.sphereit.com.br\/en\/politica-gestao-servicos-ti\/\" \/>\n<meta property=\"og:locale\" content=\"en_US\" \/>\n<meta property=\"og:type\" content=\"article\" \/>\n<meta property=\"og:title\" content=\"Pol\u00edtica de Gest\u00e3o de Servi\u00e7os de TI - Sphere IT\" \/>\n<meta property=\"og:description\" content=\"A Sphere IT, sempre preocupada em oferecer produtos e servi\u00e7os de acordo com as expectativas, necessidades e requisitos de seus clientes, legais e regulat\u00f3rios, desenvolveu seu Sistema de Gest\u00e3o de Qualidade e de Servi\u00e7os, de acordo com os requisitos das normas ISO 9.0001 e ISO 20.000.\" \/>\n<meta property=\"og:url\" content=\"https:\/\/www.sphereit.com.br\/en\/politica-gestao-servicos-ti\/\" \/>\n<meta property=\"og:site_name\" content=\"Sphereit\" \/>\n<meta property=\"article:modified_time\" content=\"2025-05-28T19:14:54+00:00\" \/>\n<meta name=\"twitter:card\" content=\"summary_large_image\" \/>\n<meta name=\"twitter:label1\" content=\"Est. reading time\" \/>\n\t<meta name=\"twitter:data1\" content=\"3 minutes\" \/>\n<script type=\"application\/ld+json\" class=\"yoast-schema-graph\">{\"@context\":\"https:\\\/\\\/schema.org\",\"@graph\":[{\"@type\":\"WebPage\",\"@id\":\"https:\\\/\\\/www.sphereit.com.br\\\/politica-gestao-servicos-ti\\\/\",\"url\":\"https:\\\/\\\/www.sphereit.com.br\\\/politica-gestao-servicos-ti\\\/\",\"name\":\"Pol\u00edtica de Gest\u00e3o de Servi\u00e7os de TI - Sphere IT\",\"isPartOf\":{\"@id\":\"https:\\\/\\\/www.sphereit.com.br\\\/pt_br\\\/#website\"},\"datePublished\":\"2023-08-15T14:33:44+00:00\",\"dateModified\":\"2025-05-28T19:14:54+00:00\",\"description\":\"A Sphere IT, sempre preocupada em oferecer produtos e servi\u00e7os de acordo com as expectativas, necessidades e requisitos de seus clientes, legais e regulat\u00f3rios, desenvolveu seu Sistema de Gest\u00e3o de Qualidade e de Servi\u00e7os, de acordo com os requisitos das normas ISO 9.0001 e ISO 20.000.\",\"breadcrumb\":{\"@id\":\"https:\\\/\\\/www.sphereit.com.br\\\/politica-gestao-servicos-ti\\\/#breadcrumb\"},\"inLanguage\":\"en-US\",\"potentialAction\":[{\"@type\":\"ReadAction\",\"target\":[\"https:\\\/\\\/www.sphereit.com.br\\\/politica-gestao-servicos-ti\\\/\"]}]},{\"@type\":\"BreadcrumbList\",\"@id\":\"https:\\\/\\\/www.sphereit.com.br\\\/politica-gestao-servicos-ti\\\/#breadcrumb\",\"itemListElement\":[{\"@type\":\"ListItem\",\"position\":1,\"name\":\"In\u00edcio\",\"item\":\"https:\\\/\\\/www.sphereit.com.br\\\/pt_br\\\/\"},{\"@type\":\"ListItem\",\"position\":2,\"name\":\"Pol\u00edtica de Gest\u00e3o de Servi\u00e7os de TI\"}]},{\"@type\":\"WebSite\",\"@id\":\"https:\\\/\\\/www.sphereit.com.br\\\/pt_br\\\/#website\",\"url\":\"https:\\\/\\\/www.sphereit.com.br\\\/pt_br\\\/\",\"name\":\"Sphereit\",\"description\":\"Sphere IT Solutions\",\"potentialAction\":[{\"@type\":\"SearchAction\",\"target\":{\"@type\":\"EntryPoint\",\"urlTemplate\":\"https:\\\/\\\/www.sphereit.com.br\\\/pt_br\\\/?s={search_term_string}\"},\"query-input\":{\"@type\":\"PropertyValueSpecification\",\"valueRequired\":true,\"valueName\":\"search_term_string\"}}],\"inLanguage\":\"en-US\"}]}<\/script>\n<!-- \/ Yoast SEO plugin. -->","yoast_head_json":{"title":"IT Service Management Policy","description":"Sphere IT, always concerned with offering products and services in accordance with the expectations, needs and requirements of its customers, legal and regulatory, has developed its Quality and Services Management System, in accordance with the requirements of ISO 9.0001 and ISO 20,000.","robots":{"index":"index","follow":"follow","max-snippet":"max-snippet:-1","max-image-preview":"max-image-preview:large","max-video-preview":"max-video-preview:-1"},"canonical":"https:\/\/www.sphereit.com.br\/en\/politica-gestao-servicos-ti\/","og_locale":"en_US","og_type":"article","og_title":"Pol\u00edtica de Gest\u00e3o de Servi\u00e7os de TI - Sphere IT","og_description":"A Sphere IT, sempre preocupada em oferecer produtos e servi\u00e7os de acordo com as expectativas, necessidades e requisitos de seus clientes, legais e regulat\u00f3rios, desenvolveu seu Sistema de Gest\u00e3o de Qualidade e de Servi\u00e7os, de acordo com os requisitos das normas ISO 9.0001 e ISO 20.000.","og_url":"https:\/\/www.sphereit.com.br\/en\/politica-gestao-servicos-ti\/","og_site_name":"Sphereit","article_modified_time":"2025-05-28T19:14:54+00:00","twitter_card":"summary_large_image","twitter_misc":{"Est. reading time":"3 minutes"},"schema":{"@context":"https:\/\/schema.org","@graph":[{"@type":"WebPage","@id":"https:\/\/www.sphereit.com.br\/politica-gestao-servicos-ti\/","url":"https:\/\/www.sphereit.com.br\/politica-gestao-servicos-ti\/","name":"IT Service Management Policy","isPartOf":{"@id":"https:\/\/www.sphereit.com.br\/pt_br\/#website"},"datePublished":"2023-08-15T14:33:44+00:00","dateModified":"2025-05-28T19:14:54+00:00","description":"Sphere IT, always concerned with offering products and services in accordance with the expectations, needs and requirements of its customers, legal and regulatory, has developed its Quality and Services Management System, in accordance with the requirements of ISO 9.0001 and ISO 20,000.","breadcrumb":{"@id":"https:\/\/www.sphereit.com.br\/politica-gestao-servicos-ti\/#breadcrumb"},"inLanguage":"en-US","potentialAction":[{"@type":"ReadAction","target":["https:\/\/www.sphereit.com.br\/politica-gestao-servicos-ti\/"]}]},{"@type":"BreadcrumbList","@id":"https:\/\/www.sphereit.com.br\/politica-gestao-servicos-ti\/#breadcrumb","itemListElement":[{"@type":"ListItem","position":1,"name":"In\u00edcio","item":"https:\/\/www.sphereit.com.br\/pt_br\/"},{"@type":"ListItem","position":2,"name":"Pol\u00edtica de Gest\u00e3o de Servi\u00e7os de TI"}]},{"@type":"WebSite","@id":"https:\/\/www.sphereit.com.br\/pt_br\/#website","url":"https:\/\/www.sphereit.com.br\/pt_br\/","name":"Sphereit","description":"Sphere IT Solutions","potentialAction":[{"@type":"SearchAction","target":{"@type":"EntryPoint","urlTemplate":"https:\/\/www.sphereit.com.br\/pt_br\/?s={search_term_string}"},"query-input":{"@type":"PropertyValueSpecification","valueRequired":true,"valueName":"search_term_string"}}],"inLanguage":"en-US"}]}},"_links":{"self":[{"href":"https:\/\/www.sphereit.com.br\/en\/wp-json\/wp\/v2\/pages\/8853","targetHints":{"allow":["GET"]}}],"collection":[{"href":"https:\/\/www.sphereit.com.br\/en\/wp-json\/wp\/v2\/pages"}],"about":[{"href":"https:\/\/www.sphereit.com.br\/en\/wp-json\/wp\/v2\/types\/page"}],"author":[{"embeddable":true,"href":"https:\/\/www.sphereit.com.br\/en\/wp-json\/wp\/v2\/users\/4"}],"replies":[{"embeddable":true,"href":"https:\/\/www.sphereit.com.br\/en\/wp-json\/wp\/v2\/comments?post=8853"}],"version-history":[{"count":15,"href":"https:\/\/www.sphereit.com.br\/en\/wp-json\/wp\/v2\/pages\/8853\/revisions"}],"predecessor-version":[{"id":9920,"href":"https:\/\/www.sphereit.com.br\/en\/wp-json\/wp\/v2\/pages\/8853\/revisions\/9920"}],"wp:attachment":[{"href":"https:\/\/www.sphereit.com.br\/en\/wp-json\/wp\/v2\/media?parent=8853"}],"curies":[{"name":"wp","href":"https:\/\/api.w.org\/{rel}","templated":true}]}}