{"id":831,"date":"2020-06-26T23:28:19","date_gmt":"2020-06-27T02:28:19","guid":{"rendered":"https:\/\/www.sphereit.com.br\/?page_id=831"},"modified":"2025-05-29T18:21:10","modified_gmt":"2025-05-29T21:21:10","slug":"area-do-cliente","status":"publish","type":"page","link":"https:\/\/www.sphereit.com.br\/en\/area-do-cliente\/","title":{"rendered":"Customers Area"},"content":{"rendered":"[et_pb_section fb_built=&#8221;1&#8243; custom_padding_last_edited=&#8221;on|phone&#8221; admin_label=&#8221;Header&#8221; _builder_version=&#8221;4.27.4&#8243; use_background_color_gradient=&#8221;on&#8221; background_color_gradient_type=&#8221;circular&#8221; background_color_gradient_stops=&#8221;#004183 0%|#001f4c 100%&#8221; background_color_gradient_start=&#8221;#004183&#8243; background_color_gradient_end=&#8221;#001f4c&#8221; background_image=&#8221;https:\/\/www.sphereit.com.br\/wp-content\/uploads\/2025\/05\/banner-site_2-scaled.jpg&#8221; parallax=&#8221;on&#8221; custom_padding=&#8221;10vw||64px|||&#8221; custom_padding_tablet=&#8221;&#8221; custom_padding_phone=&#8221;23vw||64px||false|false&#8221; bottom_divider_color=&#8221;#f1fafe&#8221; bottom_divider_height=&#8221;40px&#8221; bottom_divider_flip=&#8221;vertical&#8221; da_disable_devices=&#8221;off|off|off&#8221; locked=&#8221;off&#8221; global_colors_info=&#8221;{}&#8221; da_is_popup=&#8221;off&#8221; da_exit_intent=&#8221;off&#8221; da_has_close=&#8221;on&#8221; da_alt_close=&#8221;off&#8221; da_dark_close=&#8221;off&#8221; da_not_modal=&#8221;on&#8221; da_is_singular=&#8221;off&#8221; da_with_loader=&#8221;off&#8221; da_has_shadow=&#8221;on&#8221;][et_pb_row column_structure=&#8221;1_2,1_2&#8243; _builder_version=&#8221;4.16&#8243; z_index=&#8221;1&#8243; global_colors_info=&#8221;{}&#8221; custom_margin=&#8221;-1px|auto||auto||&#8221;][et_pb_column type=&#8221;1_2&#8243; _builder_version=&#8221;4.16&#8243; global_colors_info=&#8221;{}&#8221;][et_pb_text _builder_version=&#8221;4.27.4&#8243; text_font=&#8221;||||||||&#8221; header_font=&#8221;eurostile|900|||||||&#8221; header_font_size=&#8221;84px&#8221; background_layout=&#8221;dark&#8221; custom_margin=&#8221;-115px|-46px|||false|false&#8221; header_font_size_tablet=&#8221;54px&#8221; header_font_size_phone=&#8221;32px&#8221; header_font_size_last_edited=&#8221;on|desktop&#8221; locked=&#8221;off&#8221; global_colors_info=&#8221;{}&#8221; min_height=&#8221;94.5px&#8221;]\n<h1><span style=\"font-size: xx-large;\">\u00c1rea do cliente<\/span><\/h1>\n[\/et_pb_text][et_pb_text _builder_version=&#8221;4.27.4&#8243; text_font=&#8221;eurostile|300|||||||&#8221; text_font_size=&#8221;16px&#8221; text_line_height=&#8221;1.4em&#8221; background_layout=&#8221;dark&#8221; text_font_size_tablet=&#8221;&#8221; text_font_size_phone=&#8221;14px&#8221; text_font_size_last_edited=&#8221;on|desktop&#8221; locked=&#8221;off&#8221; global_colors_info=&#8221;{}&#8221;]\n<div id=\"dnn_contentpane\">\n<div class=\"DnnModule DnnModule-DNN_HTML DnnModule-435\">\n<div class=\"DNNContainer_noTitle\">\n<div id=\"dnn_ctr435_ContentPane\">\n<div id=\"dnn_ctr435_ModuleContent\" class=\"DNNModuleContent ModDNNHTMLC\">\n<div id=\"dnn_ctr435_HtmlModule_lblContent\" class=\"Normal\">\n<h3 style=\"text-align: left;\">Um acesso exclusivo a nossos clientes, clique no bot\u00e3o abaixo para acessar nosso canal exclusivo.<\/h3>\n<\/div>\n<\/div>\n<\/div>\n<\/div>\n<\/div>\n<\/div>\n[\/et_pb_text][et_pb_image src=&#8221;https:\/\/www.sphereit.com.br\/wp-content\/uploads\/2020\/06\/d2bi.png&#8221; _builder_version=&#8221;4.27.4&#8243; _module_preset=&#8221;default&#8221; title_text=&#8221;d2bi-software&#8221; width=&#8221;26%&#8221; module_alignment=&#8221;left&#8221; hover_enabled=&#8221;0&#8243; sticky_enabled=&#8221;0&#8243;][\/et_pb_image][et_pb_button button_url=&#8221;https:\/\/portal.sphereit.com.br\/d2bi\/&#8221; url_new_window=&#8221;on&#8221; button_text=&#8221;fa\u00e7a login&#8221; _builder_version=&#8221;4.16&#8243; custom_button=&#8221;on&#8221; button_text_size=&#8221;14px&#8221; button_text_color=&#8221;#ffffff&#8221; button_bg_color=&#8221;#47d7ff&#8221; button_border_width=&#8221;0px&#8221; button_border_radius=&#8221;100px&#8221; button_font=&#8221;Overpass|900||on|||||&#8221; button_use_icon=&#8221;off&#8221; custom_padding=&#8221;20px|30px|20px|30px|true|true&#8221; box_shadow_style=&#8221;preset3&#8243; box_shadow_vertical=&#8221;20px&#8221; box_shadow_blur=&#8221;40px&#8221; box_shadow_spread=&#8221;-10px&#8221; box_shadow_color=&#8221;rgba(23,102,193,0.46)&#8221; locked=&#8221;off&#8221; global_colors_info=&#8221;{}&#8221; box_shadow_color__hover=&#8221;#2585b2&#8243; box_shadow_blur__hover_enabled=&#8221;on&#8221; box_shadow_blur__hover=&#8221;20px&#8221; box_shadow_vertical__hover_enabled=&#8221;on&#8221; box_shadow_vertical__hover=&#8221;10px&#8221;][\/et_pb_button][\/et_pb_column][et_pb_column type=&#8221;1_2&#8243; _builder_version=&#8221;4.16&#8243; global_colors_info=&#8221;{}&#8221;][et_pb_image src=&#8221;https:\/\/www.sphereit.com.br\/wp-content\/uploads\/2025\/05\/clientes-1.png&#8221; alt=&#8221;Clientes&#8221; title_text=&#8221;clientes&#8221; align=&#8221;right&#8221; _builder_version=&#8221;4.27.4&#8243; max_width_tablet=&#8221;400px&#8221; max_width_phone=&#8221;&#8221; max_width_last_edited=&#8221;on|desktop&#8221; custom_margin=&#8221;-10vw|0vw||&#8221; custom_margin_tablet=&#8221;-2vw|0vw||&#8221; custom_margin_phone=&#8221;&#8221; custom_margin_last_edited=&#8221;on|desktop&#8221; animation_style=&#8221;zoom&#8221; animation_intensity_zoom=&#8221;5%&#8221; global_colors_info=&#8221;{}&#8221;][\/et_pb_image][\/et_pb_column][\/et_pb_row][\/et_pb_section][et_pb_section fb_built=&#8221;1&#8243; admin_label=&#8221;Contact Form&#8221; _builder_version=&#8221;4.27.4&#8243; background_color=&#8221;#f7fbfd&#8221; z_index=&#8221;10&#8243; bottom_divider_height=&#8221;26vw&#8221; bottom_divider_flip=&#8221;horizontal&#8221; hover_enabled=&#8221;0&#8243; da_disable_devices=&#8221;off|off|off&#8221; locked=&#8221;off&#8221; global_colors_info=&#8221;{}&#8221; sticky_enabled=&#8221;0&#8243; da_is_popup=&#8221;off&#8221; da_exit_intent=&#8221;off&#8221; da_has_close=&#8221;on&#8221; da_alt_close=&#8221;off&#8221; da_dark_close=&#8221;off&#8221; da_not_modal=&#8221;on&#8221; da_is_singular=&#8221;off&#8221; da_with_loader=&#8221;off&#8221; da_has_shadow=&#8221;on&#8221;][et_pb_row column_structure=&#8221;1_3,1_3,1_3&#8243; _builder_version=&#8221;4.16&#8243; custom_margin=&#8221;||50px||false|false&#8221; global_colors_info=&#8221;{}&#8221;][et_pb_column type=&#8221;1_3&#8243; _builder_version=&#8221;4.16&#8243; global_colors_info=&#8221;{}&#8221;][et_pb_blurb title=&#8221;Comercial&#8221; image=&#8221;https:\/\/www.sphereit.com.br\/wp-content\/uploads\/2020\/06\/016-domain-150&#215;150.png&#8221; _builder_version=&#8221;4.27.4&#8243; header_font=&#8221;eurostile|900|||||||&#8221; header_text_color=&#8221;#22457c&#8221; header_line_height=&#8221;1.4em&#8221; body_font=&#8221;Overpass|300|||||||&#8221; body_line_height=&#8221;1.8em&#8221; background_color=&#8221;#f7fbfd&#8221; text_orientation=&#8221;center&#8221; custom_padding=&#8221;17px||33px||false|false&#8221; hover_enabled=&#8221;0&#8243; border_radii=&#8221;on|11px|11px|11px|11px&#8221; global_colors_info=&#8221;{}&#8221; sticky_enabled=&#8221;0&#8243;]\n<p><span>Apenas em dias \u00fateis de segunda a sexta-feira,<br \/>das 9h \u00e0s 12h e das 13h \u00e0s 18h.<\/span><br \/><span>\u00a0<\/span><br \/><strong>Telefone:<\/strong><span>\u00a0+55 11 4178-8811 (PABX)<\/span><br \/><span>\u00a0<\/span><br \/><strong>E-mail:<\/strong><span>\u00a0<\/span><a href=\"mailto:comercial@sphereit.com.br\" target=\"blank\" rel=\"noopener noreferrer\">comercial@sphereit.com.br<\/a><\/p>\n[\/et_pb_blurb][\/et_pb_column][et_pb_column type=&#8221;1_3&#8243; _builder_version=&#8221;4.16&#8243; global_colors_info=&#8221;{}&#8221;][et_pb_blurb title=&#8221;Administrativo e Financeiro&#8221; image=&#8221;https:\/\/www.sphereit.com.br\/wp-content\/uploads\/2020\/06\/034-protect-150&#215;150.png&#8221; _builder_version=&#8221;4.27.4&#8243; header_font=&#8221;eurostile|900|||||||&#8221; header_text_color=&#8221;#22457c&#8221; header_line_height=&#8221;1.4em&#8221; body_font=&#8221;Overpass|300|||||||&#8221; body_line_height=&#8221;1.8em&#8221; background_color=&#8221;#f7fbfd&#8221; text_orientation=&#8221;center&#8221; custom_padding=&#8221;17px||17px||true|false&#8221; hover_enabled=&#8221;0&#8243; border_radii=&#8221;on|11px|11px|11px|11px&#8221; locked=&#8221;off&#8221; global_colors_info=&#8221;{}&#8221; sticky_enabled=&#8221;0&#8243;]\n<p><span>Apenas em dias \u00fateis de segunda a sexta-feira,<br \/>das 8h30 \u00e0s 12h e das 13h \u00e0s 17h30.<\/span><\/p>\n<p><strong>Telefone:<\/strong><span>\u00a0+55 11 4178-8811 (PABX)<\/span><\/p>\n<p style=\"text-align: center;\"><strong>E-mail:<\/strong><span>\u00a0<\/span><a href=\"mailto:administrativo@sphereit.com.br\" target=\"blank\" rel=\"noopener noreferrer\">administrativo@sphereit.com.br<\/a><\/p>\n<p>&nbsp;<\/p>\n[\/et_pb_blurb][\/et_pb_column][et_pb_column type=&#8221;1_3&#8243; _builder_version=&#8221;4.16&#8243; global_colors_info=&#8221;{}&#8221;][et_pb_blurb title=&#8221;Suporte&#8221; image=&#8221;https:\/\/www.sphereit.com.br\/wp-content\/uploads\/2020\/06\/002-browser-150&#215;150.png&#8221; _builder_version=&#8221;4.27.4&#8243; header_font=&#8221;eurostile|900|||||||&#8221; header_text_color=&#8221;#22457c&#8221; header_line_height=&#8221;1.4em&#8221; body_font=&#8221;eurostile|300|||||||&#8221; body_line_height=&#8221;1.8em&#8221; background_color=&#8221;#f7fbfd&#8221; text_orientation=&#8221;center&#8221; custom_padding=&#8221;17px||17px||true|false&#8221; hover_enabled=&#8221;0&#8243; border_radii=&#8221;on|11px|11px|11px|11px&#8221; locked=&#8221;off&#8221; global_colors_info=&#8221;{}&#8221; sticky_enabled=&#8221;0&#8243;]\n<p><strong>Atendimento telef\u00f4nico ou por e-mail:<\/strong><br \/>Suporte 24x7x365<\/p>\n<p><strong>Telefone:<\/strong><span>\u00a0+55 11<\/span>\u00a04178-8811 (PABX)<\/p>\n<p><strong>E-mail:<\/strong><span>\u00a0<\/span><a href=\"mailto:atendimento@sphereit.com.br\" target=\"blank\" rel=\"noopener noreferrer\">atendimento@sphereit.com.br<\/a><\/p>\n<p>&nbsp;<\/p>\n[\/et_pb_blurb][\/et_pb_column][\/et_pb_row][\/et_pb_section][et_pb_section fb_built=&#8221;1&#8243; disabled_on=&#8221;off|off|off&#8221; admin_label=&#8221;Footer&#8221; _builder_version=&#8221;4.27.4&#8243; background_color=&#8221;RGBA(255,255,255,0)&#8221; background_image=&#8221;https:\/\/www.sphereit.com.br\/wp-content\/uploads\/2020\/06\/cyber-security-17.png&#8221; background_enable_image=&#8221;off&#8221; z_index=&#8221;10&#8243; min_height=&#8221;545px&#8221; height=&#8221;446px&#8221; overflow-x=&#8221;visible&#8221; overflow-y=&#8221;visible&#8221; custom_margin=&#8221;-2px||-2px||true|false&#8221; custom_padding=&#8221;||0vw||false|false&#8221; background_color_gradient_stops_tablet=&#8221;#004183 42%|#001f4c 100%&#8221; background_color_gradient_stops_phone=&#8221;#004183 42%|#001f4c 100%&#8221; da_disable_devices=&#8221;off|off|off&#8221; global_module=&#8221;215&#8243; saved_tabs=&#8221;all&#8221; locked=&#8221;off&#8221; global_colors_info=&#8221;{}&#8221; da_is_popup=&#8221;off&#8221; da_exit_intent=&#8221;off&#8221; da_has_close=&#8221;on&#8221; da_alt_close=&#8221;off&#8221; da_dark_close=&#8221;off&#8221; da_not_modal=&#8221;on&#8221; da_is_singular=&#8221;off&#8221; da_with_loader=&#8221;off&#8221; da_has_shadow=&#8221;on&#8221;][et_pb_row make_equal=&#8221;on&#8221; disabled_on=&#8221;on|on|off&#8221; _builder_version=&#8221;4.27.4&#8243; background_color=&#8221;RGBA(255,255,255,0)&#8221; min_height=&#8221;421px&#8221; custom_margin=&#8221;-50px|auto|-2px|auto|false|false&#8221; custom_padding=&#8221;0px||0px||true&#8221; border_radii=&#8221;on|10px|10px|10px|10px&#8221; border_color_all=&#8221;RGBA(255,255,255,0)&#8221; saved_tabs=&#8221;all&#8221; locked=&#8221;off&#8221; global_colors_info=&#8221;{}&#8221;][et_pb_column type=&#8221;4_4&#8243; _builder_version=&#8221;4.16&#8243; custom_padding=&#8221;60px|40px|60px|40px|true|true&#8221; global_colors_info=&#8221;{}&#8221;][et_pb_text admin_label=&#8221;Texto&#8221; _builder_version=&#8221;4.27.4&#8243; text_font=&#8221;||||||||&#8221; text_text_color=&#8221;#22457c&#8221; header_2_font=&#8221;eurostile|900|||||||&#8221; header_2_font_size=&#8221;56px&#8221; header_2_line_height=&#8221;1.1em&#8221; text_orientation=&#8221;center&#8221; width=&#8221;100%&#8221; custom_margin_tablet=&#8221;&#8221; custom_margin_phone=&#8221;-40px||7px||false|false&#8221; custom_margin_last_edited=&#8221;on|phone&#8221; header_2_font_size_tablet=&#8221;38px&#8221; header_2_font_size_phone=&#8221;26px&#8221; header_2_font_size_last_edited=&#8221;on|desktop&#8221; text_text_align=&#8221;center&#8221; locked=&#8221;off&#8221; inline_fonts=&#8221;eurostile&#8221; global_colors_info=&#8221;{}&#8221;]\n<h1 style=\"text-align: left;\"><span style=\"color: #22457c; font-family: eurostile; font-weight: normal;\">Fale com nossa equipe<\/span><\/h1>\n[\/et_pb_text][et_pb_blurb title=&#8221;sphere@sphereit.com.br&#8221; use_icon=&#8221;on&#8221; font_icon=&#8221;&#xf0e0;||fa||900&#8243; icon_color=&#8221;#22457c&#8221; icon_placement=&#8221;left&#8221; image_icon_width=&#8221;24px&#8221; _builder_version=&#8221;4.27.4&#8243; header_font=&#8221;Overpass|500|||||||&#8221; header_text_align=&#8221;left&#8221; header_text_color=&#8221;#22457c&#8221; header_font_size=&#8221;18px&#8221; header_line_height=&#8221;1.4em&#8221; body_font=&#8221;Overpass|300|||||||&#8221; body_text_align=&#8221;left&#8221; body_text_color=&#8221;#22457c&#8221; body_line_height=&#8221;1.8em&#8221; transform_translate=&#8221;-231px|-10px&#8221; module_alignment=&#8221;left&#8221; custom_margin=&#8221;||0px|0px|false|false&#8221; icon_font_size=&#8221;24px&#8221; locked=&#8221;off&#8221; global_colors_info=&#8221;{}&#8221;][\/et_pb_blurb][et_pb_blurb title=&#8221;Rua Jos\u00e9 Versolato, 111 &#8211; 18\u00ba Andar \u2013 S\u00e3o Bernardo do Campo&#8221; use_icon=&#8221;on&#8221; font_icon=&#8221;&#xe081;||divi||400&#8243; icon_color=&#8221;#22457c&#8221; icon_placement=&#8221;left&#8221; image_icon_width=&#8221;24px&#8221; _builder_version=&#8221;4.27.4&#8243; header_font=&#8221;Overpass|500|||||||&#8221; header_text_align=&#8221;left&#8221; header_text_color=&#8221;#22457c&#8221; header_font_size=&#8221;18px&#8221; header_line_height=&#8221;1.4em&#8221; body_font=&#8221;Overpass|300|||||||&#8221; body_text_align=&#8221;left&#8221; body_line_height=&#8221;1.8em&#8221; transform_translate=&#8221;-231px|-10px&#8221; module_alignment=&#8221;left&#8221; custom_margin=&#8221;||0px|0px|false|false&#8221; icon_font_size=&#8221;24px&#8221; locked=&#8221;off&#8221; global_colors_info=&#8221;{}&#8221;][\/et_pb_blurb][et_pb_social_media_follow icon_color=&#8221;#FFFFFF&#8221; _builder_version=&#8221;4.27.4&#8243; custom_margin=&#8221;100px||||false|false&#8221; global_colors_info=&#8221;{}&#8221;][et_pb_social_media_follow_network social_network=&#8221;linkedin&#8221; url=&#8221;https:\/\/www.linkedin.com\/company\/sphere-it-solutions\/&#8221; icon_color=&#8221;#22457c&#8221; _builder_version=&#8221;4.27.4&#8243; background_color=&#8221;#FFFFFF&#8221; background_enable_color=&#8221;on&#8221; border_radii=&#8221;on|22px|22px|22px|22px&#8221; border_width_all=&#8221;2px&#8221; border_color_all=&#8221;#22457c&#8221; global_colors_info=&#8221;{}&#8221; follow_button=&#8221;off&#8221; url_new_window=&#8221;on&#8221;]linkedin[\/et_pb_social_media_follow_network][et_pb_social_media_follow_network social_network=&#8221;facebook&#8221; url=&#8221;https:\/\/www.facebook.com\/sphereitsolutions&#8221; icon_color=&#8221;#004183&#8243; _builder_version=&#8221;4.27.4&#8243; background_color=&#8221;#FFFFFF&#8221; background_enable_color=&#8221;on&#8221; border_radii=&#8221;on|22px|22px|22px|22px&#8221; border_width_all=&#8221;2px&#8221; border_color_all=&#8221;#22457c&#8221; global_colors_info=&#8221;{}&#8221; follow_button=&#8221;off&#8221; url_new_window=&#8221;on&#8221;]facebook[\/et_pb_social_media_follow_network][\/et_pb_social_media_follow][\/et_pb_column][\/et_pb_row][\/et_pb_section]\n","protected":false},"excerpt":{"rendered":"<p>\u00c1rea do cliente Um acesso exclusivo a nossos clientes, clique no bot\u00e3o abaixo para acessar nosso canal exclusivo. Apenas em dias \u00fateis de segunda a sexta-feira,das 9h \u00e0s 12h e das 13h \u00e0s 18h.\u00a0Telefone:\u00a0+55 11 4178-8811 (PABX)\u00a0E-mail:\u00a0comercial@sphereit.com.brApenas em dias \u00fateis de segunda a sexta-feira,das 8h30 \u00e0s 12h e das 13h \u00e0s 17h30. Telefone:\u00a0+55 11 4178-8811 [&hellip;]<\/p>\n","protected":false},"author":4,"featured_media":0,"parent":0,"menu_order":0,"comment_status":"closed","ping_status":"closed","template":"","meta":{"_et_pb_use_builder":"on","_et_pb_old_content":"","_et_gb_content_width":"","footnotes":""},"class_list":["post-831","page","type-page","status-publish","hentry"],"yoast_head":"<!-- This site is optimized with the Yoast SEO plugin v27.4 - https:\/\/yoast.com\/product\/yoast-seo-wordpress\/ -->\n<title>\u00c1rea do Cliente - Sphere IT<\/title>\n<meta name=\"description\" content=\"Aqui nossos clientes tem um acesso exclusivo para acessar nossa canal, criado especialmente para eles, auxiliando nos problema e d\u00favidas\" \/>\n<meta name=\"robots\" content=\"index, follow, max-snippet:-1, max-image-preview:large, max-video-preview:-1\" \/>\n<link rel=\"canonical\" href=\"https:\/\/www.sphereit.com.br\/en\/area-do-cliente\/\" \/>\n<meta property=\"og:locale\" content=\"en_US\" \/>\n<meta property=\"og:type\" content=\"article\" \/>\n<meta property=\"og:title\" content=\"\u00c1rea do Cliente - Sphere IT\" \/>\n<meta property=\"og:description\" content=\"Aqui nossos clientes tem um acesso exclusivo para acessar nossa canal, criado especialmente para eles, auxiliando nos problema e d\u00favidas\" \/>\n<meta property=\"og:url\" content=\"https:\/\/www.sphereit.com.br\/en\/area-do-cliente\/\" \/>\n<meta property=\"og:site_name\" content=\"Sphereit\" \/>\n<meta property=\"article:modified_time\" content=\"2025-05-29T21:21:10+00:00\" \/>\n<meta name=\"twitter:card\" content=\"summary_large_image\" \/>\n<meta name=\"twitter:label1\" content=\"Est. reading time\" \/>\n\t<meta name=\"twitter:data1\" content=\"2 minutes\" \/>\n<script type=\"application\/ld+json\" class=\"yoast-schema-graph\">{\"@context\":\"https:\\\/\\\/schema.org\",\"@graph\":[{\"@type\":\"WebPage\",\"@id\":\"https:\\\/\\\/www.sphereit.com.br\\\/pt_br\\\/area-do-cliente\\\/\",\"url\":\"https:\\\/\\\/www.sphereit.com.br\\\/pt_br\\\/area-do-cliente\\\/\",\"name\":\"\u00c1rea do Cliente - Sphere IT\",\"isPartOf\":{\"@id\":\"https:\\\/\\\/www.sphereit.com.br\\\/pt_br\\\/#website\"},\"datePublished\":\"2020-06-27T02:28:19+00:00\",\"dateModified\":\"2025-05-29T21:21:10+00:00\",\"description\":\"Aqui nossos clientes tem um acesso exclusivo para acessar nossa canal, criado especialmente para eles, auxiliando nos problema e d\u00favidas\",\"breadcrumb\":{\"@id\":\"https:\\\/\\\/www.sphereit.com.br\\\/pt_br\\\/area-do-cliente\\\/#breadcrumb\"},\"inLanguage\":\"en-US\",\"potentialAction\":[{\"@type\":\"ReadAction\",\"target\":[\"https:\\\/\\\/www.sphereit.com.br\\\/pt_br\\\/area-do-cliente\\\/\"]}]},{\"@type\":\"BreadcrumbList\",\"@id\":\"https:\\\/\\\/www.sphereit.com.br\\\/pt_br\\\/area-do-cliente\\\/#breadcrumb\",\"itemListElement\":[{\"@type\":\"ListItem\",\"position\":1,\"name\":\"In\u00edcio\",\"item\":\"https:\\\/\\\/www.sphereit.com.br\\\/pt_br\\\/\"},{\"@type\":\"ListItem\",\"position\":2,\"name\":\"\u00c1rea do Cliente\"}]},{\"@type\":\"WebSite\",\"@id\":\"https:\\\/\\\/www.sphereit.com.br\\\/pt_br\\\/#website\",\"url\":\"https:\\\/\\\/www.sphereit.com.br\\\/pt_br\\\/\",\"name\":\"Sphereit\",\"description\":\"Sphere IT Solutions\",\"potentialAction\":[{\"@type\":\"SearchAction\",\"target\":{\"@type\":\"EntryPoint\",\"urlTemplate\":\"https:\\\/\\\/www.sphereit.com.br\\\/pt_br\\\/?s={search_term_string}\"},\"query-input\":{\"@type\":\"PropertyValueSpecification\",\"valueRequired\":true,\"valueName\":\"search_term_string\"}}],\"inLanguage\":\"en-US\"}]}<\/script>\n<!-- \/ Yoast SEO plugin. -->","yoast_head_json":{"title":"\u00c1rea do Cliente - Sphere IT","description":"Aqui nossos clientes tem um acesso exclusivo para acessar nossa canal, criado especialmente para eles, auxiliando nos problema e d\u00favidas","robots":{"index":"index","follow":"follow","max-snippet":"max-snippet:-1","max-image-preview":"max-image-preview:large","max-video-preview":"max-video-preview:-1"},"canonical":"https:\/\/www.sphereit.com.br\/en\/area-do-cliente\/","og_locale":"en_US","og_type":"article","og_title":"\u00c1rea do Cliente - Sphere IT","og_description":"Aqui nossos clientes tem um acesso exclusivo para acessar nossa canal, criado especialmente para eles, auxiliando nos problema e d\u00favidas","og_url":"https:\/\/www.sphereit.com.br\/en\/area-do-cliente\/","og_site_name":"Sphereit","article_modified_time":"2025-05-29T21:21:10+00:00","twitter_card":"summary_large_image","twitter_misc":{"Est. reading time":"2 minutes"},"schema":{"@context":"https:\/\/schema.org","@graph":[{"@type":"WebPage","@id":"https:\/\/www.sphereit.com.br\/pt_br\/area-do-cliente\/","url":"https:\/\/www.sphereit.com.br\/pt_br\/area-do-cliente\/","name":"\u00c1rea do Cliente - Sphere IT","isPartOf":{"@id":"https:\/\/www.sphereit.com.br\/pt_br\/#website"},"datePublished":"2020-06-27T02:28:19+00:00","dateModified":"2025-05-29T21:21:10+00:00","description":"Aqui nossos clientes tem um acesso exclusivo para acessar nossa canal, criado especialmente para eles, auxiliando nos problema e d\u00favidas","breadcrumb":{"@id":"https:\/\/www.sphereit.com.br\/pt_br\/area-do-cliente\/#breadcrumb"},"inLanguage":"en-US","potentialAction":[{"@type":"ReadAction","target":["https:\/\/www.sphereit.com.br\/pt_br\/area-do-cliente\/"]}]},{"@type":"BreadcrumbList","@id":"https:\/\/www.sphereit.com.br\/pt_br\/area-do-cliente\/#breadcrumb","itemListElement":[{"@type":"ListItem","position":1,"name":"In\u00edcio","item":"https:\/\/www.sphereit.com.br\/pt_br\/"},{"@type":"ListItem","position":2,"name":"\u00c1rea do Cliente"}]},{"@type":"WebSite","@id":"https:\/\/www.sphereit.com.br\/pt_br\/#website","url":"https:\/\/www.sphereit.com.br\/pt_br\/","name":"Sphereit","description":"Sphere IT Solutions","potentialAction":[{"@type":"SearchAction","target":{"@type":"EntryPoint","urlTemplate":"https:\/\/www.sphereit.com.br\/pt_br\/?s={search_term_string}"},"query-input":{"@type":"PropertyValueSpecification","valueRequired":true,"valueName":"search_term_string"}}],"inLanguage":"en-US"}]}},"_links":{"self":[{"href":"https:\/\/www.sphereit.com.br\/en\/wp-json\/wp\/v2\/pages\/831","targetHints":{"allow":["GET"]}}],"collection":[{"href":"https:\/\/www.sphereit.com.br\/en\/wp-json\/wp\/v2\/pages"}],"about":[{"href":"https:\/\/www.sphereit.com.br\/en\/wp-json\/wp\/v2\/types\/page"}],"author":[{"embeddable":true,"href":"https:\/\/www.sphereit.com.br\/en\/wp-json\/wp\/v2\/users\/4"}],"replies":[{"embeddable":true,"href":"https:\/\/www.sphereit.com.br\/en\/wp-json\/wp\/v2\/comments?post=831"}],"version-history":[{"count":4,"href":"https:\/\/www.sphereit.com.br\/en\/wp-json\/wp\/v2\/pages\/831\/revisions"}],"predecessor-version":[{"id":9963,"href":"https:\/\/www.sphereit.com.br\/en\/wp-json\/wp\/v2\/pages\/831\/revisions\/9963"}],"wp:attachment":[{"href":"https:\/\/www.sphereit.com.br\/en\/wp-json\/wp\/v2\/media?parent=831"}],"curies":[{"name":"wp","href":"https:\/\/api.w.org\/{rel}","templated":true}]}}